{"id":18483,"date":"2022-08-24T15:56:06","date_gmt":"2022-08-24T13:56:06","guid":{"rendered":"https:\/\/www.kulturzentrum.greifswald.de\/polityka-prywatnosci\/"},"modified":"2022-08-24T15:56:06","modified_gmt":"2022-08-24T13:56:06","slug":"polityka-prywatnosci","status":"publish","type":"page","link":"https:\/\/www.kulturzentrum.greifswald.de\/pl\/polityka-prywatnosci\/","title":{"rendered":"Polityka prywatno\u015bci"},"content":{"rendered":"<p>Informacje dotycz\u0105ce zbierania danych osobowych<\/p>\n<p>Uniwersytet i Hanzeatyckie Miasto Greifswald bardzo powa\u017cnie traktuje ochron\u0119 Pa\u0144stwa danych osobowych. Pa\u0144stwa dane osobowe przetwarzamy zawsze elektronicznie i w formie papierowej zgodnie z og\u00f3lnym rozporz\u0105dzeniem o ochronie danych oraz innymi federalnymi i krajowymi przepisami o ochronie danych.<\/p>\n<p>&nbsp;<\/p>\n<p>Dane kontaktowe osoby odpowiedzialnej:<\/p>\n<p>St.Spiritus &#8211; Centrum Spo\u0142eczno-Kulturalne Uniwersytetu i Miasta Hanzeatyckiego Greifswald<\/p>\n<p>Imke Freiberg<\/p>\n<p>Lange Str. 49 \/ 51<\/p>\n<p>17489 Greifswald<\/p>\n<p>&nbsp;<\/p>\n<p>Dane kontaktowe inspektora ochrony danych Uniwersytetu i Hanzy:<\/p>\n<p>Birgit Wanke<\/p>\n<p>Rynek 15<\/p>\n<p>17489 Greifswald<\/p>\n<p>Tel.: 03834 8536-2889<\/p>\n<p>Faks: 03834 8536-1227.<\/p>\n<p>b.wanke(at)greifswald.de<\/p>\n<p>&nbsp;<\/p>\n<p>Gromadzenie i przetwarzanie danych osobowych<\/p>\n<p>Operator strony internetowej gromadzi, wykorzystuje i ujawnia dane osobowe u\u017cytkownika tylko wtedy, gdy jest to dozwolone przez prawo lub gdy u\u017cytkownik wyrazi zgod\u0119 na gromadzenie danych.<\/p>\n<p>Dane osobowe to wszelkie informacje, kt\u00f3re mog\u0105 by\u0107 wykorzystane do identyfikacji u\u017cytkownika i kt\u00f3re mo\u017cna prze\u015bledzi\u0107 wstecz &#8211; na przyk\u0142ad nazwisko, adres e-mail i numer telefonu.<\/p>\n<p><strong>Mo\u017cesz r\u00f3wnie\u017c odwiedzi\u0107 t\u0119 stron\u0119 bez podawania jakichkolwiek danych osobowych. W celu ulepszenia naszych us\u0142ug online przechowujemy jednak (bez odniesienia do osoby) Pa\u0144stwa dane dost\u0119pu do tej strony. Te dane dost\u0119pu obejmuj\u0105 na przyk\u0142ad \u017c\u0105dany plik lub nazw\u0119 dostawcy internetu. Ze wzgl\u0119du na anonimizacj\u0119 danych nie jest mo\u017cliwe wyci\u0105ganie wniosk\u00f3w dotycz\u0105cych Pa\u0144stwa osoby.<\/strong><\/p>\n<p>&nbsp;<\/p>\n<p>Dane dost\u0119powe<\/p>\n<p>My, operator strony internetowej lub dostawca strony, gromadzimy dane dotycz\u0105ce dost\u0119pu do strony internetowej na podstawie naszego uzasadnionego interesu (patrz art. 6 ust. 1 lit. f DSGVO) i przechowujemy je jako &#8222;pliki dziennika serwera&#8221; na serwerze strony internetowej. W ten spos\u00f3b rejestrowane s\u0105 nast\u0119puj\u0105ce dane:<\/p>\n<p>&nbsp;<\/p>\n<ul>\n<li>Odwiedzona strona internetowa<\/li>\n<li>Czas w momencie dost\u0119pu<\/li>\n<li>Ilo\u015b\u0107 wys\u0142anych danych w bajtach<\/li>\n<li>\u0179r\u00f3d\u0142o\/odno\u015bnik, z kt\u00f3rego trafi\u0142e\u015b na stron\u0119<\/li>\n<li>U\u017cywana przegl\u0105darka<\/li>\n<li>Zastosowany system operacyjny<\/li>\n<li>U\u017cywany adres IP<\/li>\n<\/ul>\n<p>&nbsp;<\/p>\n<p>Pliki dziennika serwera s\u0105 przechowywane przez maksymalnie 7 dni, a nast\u0119pnie usuwane. Dane s\u0105 przechowywane ze wzgl\u0119d\u00f3w bezpiecze\u0144stwa, np. aby m\u00f3c wyja\u015bni\u0107 przypadki niew\u0142a\u015bciwego wykorzystania. Je\u015bli dane musz\u0105 by\u0107 zachowane ze wzgl\u0119d\u00f3w dowodowych, s\u0105 wy\u0142\u0105czone z usuwania do czasu ostatecznego wyja\u015bnienia incydentu.<\/p>\n<p>&nbsp;<\/p>\n<p>Pomiar zasi\u0119gu i pliki cookie<\/p>\n<p>Ta strona internetowa wykorzystuje pliki cookies do pseudonimizowanego pomiaru zasi\u0119gu, kt\u00f3re s\u0105 przekazywane do przegl\u0105darki u\u017cytkownika przez nasz serwer lub serwer osoby trzeciej. Cookies to ma\u0142e pliki, kt\u00f3re s\u0105 przechowywane na urz\u0105dzeniu ko\u0144cowym u\u017cytkownika. Twoja przegl\u0105darka uzyskuje dost\u0119p do tych plik\u00f3w. Stosowanie plik\u00f3w cookies zwi\u0119ksza przyjazno\u015b\u0107 dla u\u017cytkownika i bezpiecze\u0144stwo tej strony.<\/p>\n<p>Je\u015bli nie chcesz, aby pliki cookie by\u0142y zapisywane na Twoim urz\u0105dzeniu ko\u0144cowym w celu pomiaru zasi\u0119gu, mo\u017cesz sprzeciwi\u0107 si\u0119 u\u017cywaniu tych plik\u00f3w tutaj:<\/p>\n<ul>\n<li>Strona dezaktywacji plik\u00f3w cookie sieciowej inicjatywy reklamowej: <a href=\"http:\/\/optout.networkadvertising.org\/?c=1#!\/\">http:\/\/optout.networkadvertising.org\/?c=1#!\/<\/a><\/li>\n<\/ul>\n<p>.(\u0179r\u00f3d\u0142o: www.datenschutz.org)<\/p>\n<p>&nbsp;<\/p>\n<p>Przeniesienie do pa\u0144stwa trzeciego:<\/p>\n<p>Z zasady \u017cadne dane nie s\u0105 przekazywane do pa\u0144stwa trzeciego poza UE. Je\u015bli w wyj\u0105tkowym przypadku dochodzi do przekazania danych do pa\u0144stwa trzeciego, odbywa si\u0119 to na podstawie og\u00f3lnego rozporz\u0105dzenia o ochronie danych.<\/p>\n<p>&nbsp;<\/p>\n<p>Subskrypcja newslettera<\/p>\n<p>Centrum Spo\u0142eczno-Kulturalne St.Spiritus Uniwersytetu i Miasta Hanzeatyckiego Greifswald oferuje Pa\u0144stwu newsletter, w kt\u00f3rym informuje o aktualnych wydarzeniach i ofertach. <strong>Je\u015bli chcesz zapisa\u0107 si\u0119 na newsletter, musisz zg\u0142osi\u0107 ten wym\u00f3g drog\u0105 mailow\u0105 na stronie: st.spiritus[at]greifswald.de i poda\u0107 wa\u017cny adres mailowy &nbsp;<\/strong>. Zapisuj\u0105c si\u0119 do newslettera, wyra\u017casz zgod\u0119 na jego otrzymywanie oraz na obja\u015bnione procedury.<\/p>\n<p>Newsletter jest rozsy\u0142any przez pracownik\u00f3w St.Spiritus &#8211; Centrum Spo\u0142eczno-Kulturalnego.<\/p>\n<p>Odwo\u0142anie i wypowiedzenie: W ka\u017cdej chwili mog\u0105 Pa\u0144stwo cofn\u0105\u0107 zgod\u0119 na otrzymywanie newslettera i tym samym zrezygnowa\u0107 z jego subskrypcji. Po rezygnacji z us\u0142ugi Twoje dane osobowe zostan\u0105 usuni\u0119te. Jednocze\u015bnie wygasa Pa\u0144stwa zgoda na otrzymywanie newslettera.<\/p>\n<p>&nbsp;<\/p>\n<p>Kryteria okre\u015blania czasu przechowywania:<\/p>\n<p>Pa\u0144stwa dane osobowe, kt\u00f3re Uniwersytet i Hanzeatyckie Miasto Greifswald przetwarza w celu realizacji swoich zada\u0144, zostan\u0105 usuni\u0119te lub zniszczone w rozs\u0105dnym czasie po przetworzeniu Pa\u0144stwa \u017c\u0105dania, z uwzgl\u0119dnieniem ustawowych okres\u00f3w przechowywania.<\/p>\n<p>&nbsp;<\/p>\n<p>Twoje prawa:<\/p>\n<p>Maj\u0105 Pa\u0144stwo prawo do uzyskania od administratora informacji o danych osobowych, kt\u00f3rych dotycz\u0105, a tak\u017ce prawo do sprostowania, usuni\u0119cia, ograniczenia przetwarzania oraz prawo do wniesienia sprzeciwu wobec przetwarzania.<\/p>\n<p>Mo\u017cna r\u00f3wnie\u017c z\u0142o\u017cy\u0107 skarg\u0119 do<\/p>\n<p>Ochrony Danych i Wolno\u015bci Informacji Meklemburgia-Pomorze Przednie, Werderstra\u00dfe 74 a, 19055 Schwerin<\/p>\n<p>&nbsp;<\/p>\n<p>&nbsp;<\/p>\n<p>&nbsp;<\/p>\n<p>&nbsp;<\/p>\n<p style=\"text-align: justify;\">\n","protected":false},"excerpt":{"rendered":"<p>Informacje dotycz\u0105ce zbierania danych osobowych Uniwersytet i Hanzeatyckie Miasto Greifswald bardzo powa\u017cnie traktuje ochron\u0119 Pa\u0144stwa danych osobowych. Pa\u0144stwa dane osobowe przetwarzamy zawsze elektronicznie i w formie papierowej zgodnie z og\u00f3lnym [&hellip;]<\/p>\n","protected":false},"author":7,"featured_media":0,"parent":0,"menu_order":0,"comment_status":"closed","ping_status":"closed","template":"","meta":{"_et_pb_use_builder":"","_et_pb_old_content":"","_et_gb_content_width":""},"acf":[],"_links":{"self":[{"href":"https:\/\/www.kulturzentrum.greifswald.de\/pl\/wp-json\/wp\/v2\/pages\/18483"}],"collection":[{"href":"https:\/\/www.kulturzentrum.greifswald.de\/pl\/wp-json\/wp\/v2\/pages"}],"about":[{"href":"https:\/\/www.kulturzentrum.greifswald.de\/pl\/wp-json\/wp\/v2\/types\/page"}],"author":[{"embeddable":true,"href":"https:\/\/www.kulturzentrum.greifswald.de\/pl\/wp-json\/wp\/v2\/users\/7"}],"replies":[{"embeddable":true,"href":"https:\/\/www.kulturzentrum.greifswald.de\/pl\/wp-json\/wp\/v2\/comments?post=18483"}],"version-history":[{"count":0,"href":"https:\/\/www.kulturzentrum.greifswald.de\/pl\/wp-json\/wp\/v2\/pages\/18483\/revisions"}],"wp:attachment":[{"href":"https:\/\/www.kulturzentrum.greifswald.de\/pl\/wp-json\/wp\/v2\/media?parent=18483"}],"curies":[{"name":"wp","href":"https:\/\/api.w.org\/{rel}","templated":true}]}}