{"id":16946,"date":"2022-07-03T14:51:14","date_gmt":"2022-07-03T12:51:14","guid":{"rendered":"https:\/\/www.kulturzentrum.greifswald.de\/o-nas\/"},"modified":"2022-07-03T14:51:20","modified_gmt":"2022-07-03T12:51:20","slug":"o-nas","status":"publish","type":"page","link":"https:\/\/www.kulturzentrum.greifswald.de\/pl\/o-nas\/","title":{"rendered":"O nas"},"content":{"rendered":"[et_pb_section fb_built=&#8221;1&#8243; fullwidth=&#8221;on&#8221; theme_builder_area=&#8221;post_content&#8221; _builder_version=&#8221;4.17.4&#8243; _module_preset=&#8221;default&#8221; title_text=&#8221;head_Ueber-uns&#8221; background_image=&#8221;https:\/\/www.kulturzentrum.greifswald.de\/wp-content\/uploads\/2022\/07\/head_Ueber-uns.jpg&#8221; parallax=&#8221;on&#8221; hover_enabled=&#8221;0&#8243; sticky_enabled=&#8221;0&#8243;][et_pb_fullwidth_image src=&#8221;https:\/\/www.kulturzentrum.greifswald.de\/wp-content\/uploads\/2022\/07\/weisse_wolken-mit-logo_links.png&#8221; _builder_version=&#8221;4.17.4&#8243; _module_preset=&#8221;default&#8221; theme_builder_area=&#8221;post_content&#8221; title_text=&#8221;white_clouds-with-logo_links&#8221; hover_enabled=&#8221;0&#8243; sticky_enabled=&#8221;0&#8243;][\/et_pb_fullwidth_image][\/et_pb_section][et_pb_section fb_built=&#8221;1&#8243; theme_builder_area=&#8221;post_content&#8221; _builder_version=&#8221;4.17.4&#8243; _module_preset=&#8221;default&#8221; custom_padding=&#8221;32px||10px|||&#8221;][et_pb_row _builder_version=&#8221;4.17.4&#8243; _module_preset=&#8221;default&#8221; theme_builder_area=&#8221;post_content&#8221;][et_pb_column _builder_version=&#8221;4.17.4&#8243; _module_preset=&#8221;default&#8221; type=&#8221;4_4&#8243; theme_builder_area=&#8221;post_content&#8221;][et_pb_text _builder_version=&#8221;4.17.4&#8243; _module_preset=&#8221;default&#8221; theme_builder_area=&#8221;post_content&#8221; header_font=&#8221;Cormorant Garamond|700|||||||&#8221; header_font_size=&#8221;50px&#8221; hover_enabled=&#8221;0&#8243; sticky_enabled=&#8221;0&#8243;]\n<h1>Centrum Spo\u0142eczno-Kulturalne &#8222;St.Spiritus<\/h1>\n[\/et_pb_text][\/et_pb_column][\/et_pb_row][\/et_pb_section][et_pb_section fb_built=&#8221;1&#8243; _builder_version=&#8221;4.17.4&#8243; _module_preset=&#8221;default&#8221; global_colors_info=&#8221;{}&#8221; custom_padding=&#8221;19px|||||&#8221;][et_pb_row column_structure=&#8221;1_2,1_2&#8243; _builder_version=&#8221;4.17.4&#8243; _module_preset=&#8221;default&#8221; global_colors_info=&#8221;{}&#8221;][et_pb_column type=&#8221;1_2&#8243; _builder_version=&#8221;4.17.4&#8243; _module_preset=&#8221;default&#8221; global_colors_info=&#8221;{}&#8221;][et_pb_image src=&#8221;https:\/\/www.kulturzentrum.greifswald.de\/wp-content\/uploads\/2022\/07\/head_RadioKonzerte.jpg&#8221; _builder_version=&#8221;4.17.4&#8243; _module_preset=&#8221;default&#8221; title_text=&#8221;head_RadioConcerts&#8221; hover_enabled=&#8221;0&#8243; sticky_enabled=&#8221;0&#8243;][\/et_pb_image][et_pb_text _builder_version=&#8221;4.17.4&#8243; _module_preset=&#8221;default&#8221; global_colors_info=&#8221;{}&#8221;]\n<h3><span>Centrum Spo\u0142eczno-Kulturalne<\/span><\/h3>\n<p>Dzi\u0119ki scenie koncertowej w zabytkowej kaplicy i scenie plenerowej na wewn\u0119trznym dziedzi\u0144cu, St. Spiritus oferuje nastrojow\u0105 platform\u0119 dla wielu <strong>wydarze\u0144<\/strong>.<span> <\/span><strong>Spektrum obejmuje muzyk\u0119 na \u017cywo r\u00f3\u017cnych gatunk\u00f3w, lalkarstwo, teatr, kabaret, odczyty<\/strong><span>  i innych wydarze\u0144 na \u017cywo. Wiele imprez w ramach festiwali w Greifswaldzie, takich jak &#8222;Nordic Sound&#8221;, &#8222;Festiwal Teatr\u00f3w Figurowych FANTAKEL&#8221;, &#8222;Tanztendenzen&#8221; czy &#8222;Polish Market&#8221; odbywa si\u0119 w tym domu.<\/span><\/p>\n[\/et_pb_text][\/et_pb_column][et_pb_column type=&#8221;1_2&#8243; _builder_version=&#8221;4.17.4&#8243; _module_preset=&#8221;default&#8221; global_colors_info=&#8221;{}&#8221;][et_pb_image src=&#8221;https:\/\/www.kulturzentrum.greifswald.de\/wp-content\/uploads\/2022\/07\/headerbild-ausstellungen2.jpg&#8221; _builder_version=&#8221;4.17.4&#8243; _module_preset=&#8221;default&#8221; hover_enabled=&#8221;0&#8243; global_colors_info=&#8221;{}&#8221; title_text=&#8221;headerpicture-exhibitions2&#8243; sticky_enabled=&#8221;0&#8243;][\/et_pb_image][et_pb_text _builder_version=&#8221;4.17.4&#8243; _module_preset=&#8221;default&#8221; global_colors_info=&#8221;{}&#8221;]\n<h3>Oferta kulturalna i artystyczna<\/h3>\n<p>Zmienne wystawy w &#8222;Galerii w Kaplicy&#8221;, warsztaty artystyczne, cotygodniowe pr\u00f3by ch\u00f3r\u00f3w St. Spiritus oraz regularnie organizowane kursy i warsztaty uzupe\u0142niaj\u0105 ofert\u0119 o\u015brodka kultury.<\/p>\n[\/et_pb_text][\/et_pb_column][\/et_pb_row][et_pb_row column_structure=&#8221;1_2,1_2&#8243; _builder_version=&#8221;4.17.4&#8243; _module_preset=&#8221;default&#8221; global_colors_info=&#8221;{}&#8221;][et_pb_column type=&#8221;1_2&#8243; _builder_version=&#8221;4.17.4&#8243; _module_preset=&#8221;default&#8221; global_colors_info=&#8221;{}&#8221;][et_pb_image src=&#8221;https:\/\/www.kulturzentrum.greifswald.de\/wp-content\/uploads\/2022\/07\/headbild_Geschichte.jpg&#8221; _builder_version=&#8221;4.17.4&#8243; _module_preset=&#8221;default&#8221; hover_enabled=&#8221;0&#8243; global_colors_info=&#8221;{}&#8221; sticky_enabled=&#8221;0&#8243; title_text=&#8221;headshot_historia&#8221;][\/et_pb_image][et_pb_text _builder_version=&#8221;4.17.4&#8243; _module_preset=&#8221;default&#8221; global_colors_info=&#8221;{}&#8221;]\n<h3>Od 1989 roku &#8211; Centrum odbioru i komunikacji kulturalnej<\/h3>\n<p>St. Spiritus umo\u017cliwia wszystkim ludziom &#8211; bez wzgl\u0119du na wiek, nieskomplikowany i bliski codzienno\u015bci &#8211; spontaniczny dost\u0119p do kultury. Od momentu powstania w 1989 roku St. Spiritus jest o\u015brodkiem recepcji i komunikacji kulturalnej, dzia\u0142alno\u015bci artystycznej oraz edukacji kulturalnej i spo\u0142eczno-politycznej.[\/et_pb_text][\/et_pb_column][et_pb_column type=&#8221;1_2&#8243; _builder_version=&#8221;4.17.4&#8243; _module_preset=&#8221;default&#8221; global_colors_info=&#8221;{}&#8221;][et_pb_image src=&#8221;https:\/\/www.kulturzentrum.greifswald.de\/wp-content\/uploads\/2022\/07\/head_Interkulturelles-Cafe.jpg&#8221; title_text=&#8221;szef_Kawiarni_Mi\u0119dzykulturowej&#8221; _builder_version=&#8221;4.17.4&#8243; _module_preset=&#8221;default&#8221; global_colors_info=&#8221;{}&#8221;][\/et_pb_image][et_pb_text _builder_version=&#8221;4.17.4&#8243; _module_preset=&#8221;default&#8221; global_colors_info=&#8221;{}&#8221;]\n<h3>Kawiarnia mi\u0119dzykulturowa<\/h3>\n<p>W kawiarni mi\u0119dzykulturowej, kt\u00f3ra odbywa si\u0119 dwa razy w miesi\u0105cu, ludzie mog\u0105 si\u0119 spotyka\u0107, gra\u0107 w gry, rozmawia\u0107 lub po prostu wypi\u0107 kaw\u0119 fair trade i uciec od zgie\u0142ku \u017cycia codziennego na jedno z najpi\u0119kniejszych podw\u00f3rek Greifswaldu.<\/p>\n[\/et_pb_text][\/et_pb_column][\/et_pb_row][et_pb_row _builder_version=&#8221;4.17.4&#8243; _module_preset=&#8221;default&#8221; global_colors_info=&#8221;{}&#8221;][et_pb_column type=&#8221;4_4&#8243; _builder_version=&#8221;4.17.4&#8243; _module_preset=&#8221;default&#8221; global_colors_info=&#8221;{}&#8221;][et_pb_divider _builder_version=&#8221;4.17.4&#8243; _module_preset=&#8221;default&#8221; global_colors_info=&#8221;{}&#8221; custom_margin=&#8221;23px|||||&#8221;][\/et_pb_divider][et_pb_text _builder_version=&#8221;4.17.4&#8243; _module_preset=&#8221;default&#8221; header_2_font=&#8221;Cormorant Garamond|700|||||||&#8221; header_3_font=&#8221;Cormorant Garamond||||||||&#8221; hover_enabled=&#8221;0&#8243; global_colors_info=&#8221;{}&#8221; header_2_font_size=&#8221;40px&#8221; sticky_enabled=&#8221;0&#8243;]\n<h2 class=\"entry-title\" style=\"text-align: center;\">Inicjatywy w domu<\/h2>\n[\/et_pb_text][\/et_pb_column][\/et_pb_row][et_pb_row column_structure=&#8221;1_5,1_5,1_5,1_5,1_5&#8243; _builder_version=&#8221;4.17.4&#8243; _module_preset=&#8221;default&#8221; custom_margin=&#8221;7px|auto||auto||&#8221; global_colors_info=&#8221;{}&#8221;][et_pb_column type=&#8221;1_5&#8243; _builder_version=&#8221;4.17.4&#8243; _module_preset=&#8221;default&#8221; global_colors_info=&#8221;{}&#8221;][et_pb_image src=&#8221;https:\/\/www.kulturzentrum.greifswald.de\/wp-content\/uploads\/2022\/07\/logo_lv-soziokultur.jpg&#8221; title_text=&#8221;logo_lv-soziokultura&#8221; _builder_version=&#8221;4.17.4&#8243; _module_preset=&#8221;default&#8221; global_colors_info=&#8221;{}&#8221;][\/et_pb_image][et_pb_text _builder_version=&#8221;4.17.4&#8243; _module_preset=&#8221;default&#8221; global_colors_info=&#8221;{}&#8221;]\n<p style=\"text-align: center;\"><a href=\"https:\/\/lv-soziokultur-mv.de\" target=\"_blank\" rel=\"noopener\">Landesverband Soziokultur MV e.V.<\/a><\/p>\n[\/et_pb_text][\/et_pb_column][et_pb_column type=&#8221;1_5&#8243; _builder_version=&#8221;4.17.4&#8243; _module_preset=&#8221;default&#8221; global_colors_info=&#8221;{}&#8221;][et_pb_image src=&#8221;https:\/\/www.kulturzentrum.greifswald.de\/wp-content\/uploads\/2022\/07\/logo_weltladen.jpg&#8221; title_text=&#8221;logo_worldshop&#8221; _builder_version=&#8221;4.17.4&#8243; _module_preset=&#8221;default&#8221; global_colors_info=&#8221;{}&#8221;][\/et_pb_image][et_pb_text _builder_version=&#8221;4.17.4&#8243; _module_preset=&#8221;default&#8221; global_colors_info=&#8221;{}&#8221;]\n<p style=\"text-align: center;\"><a href=\"https:\/\/weltlaeden.de\/greifswald\" target=\"_blank\" rel=\"noopener\"><span>Weltladen Greifswald &#8211; Weltblick e.V.<\/span><\/a><\/p>\n[\/et_pb_text][\/et_pb_column][et_pb_column type=&#8221;1_5&#8243; _builder_version=&#8221;4.17.4&#8243; _module_preset=&#8221;default&#8221; global_colors_info=&#8221;{}&#8221;][et_pb_image src=&#8221;https:\/\/www.kulturzentrum.greifswald.de\/wp-content\/uploads\/2022\/07\/logo_late-night-singers.jpg&#8221; title_text=&#8221;logo_late-night-singers&#8221; _builder_version=&#8221;4.17.4&#8243; _module_preset=&#8221;default&#8221; global_colors_info=&#8221;{}&#8221;][\/et_pb_image][et_pb_text _builder_version=&#8221;4.17.4&#8243; _module_preset=&#8221;default&#8221; global_colors_info=&#8221;{}&#8221;]\n<p style=\"text-align: center;\"><a href=\"https:\/\/www.chor-greifswald.de\/late-night-singers\/\" target=\"_blank\" rel=\"noopener\">Zesp\u00f3\u0142 wokalny Late Night Singers<\/a><\/p>\n[\/et_pb_text][\/et_pb_column][et_pb_column type=&#8221;1_5&#8243; _builder_version=&#8221;4.17.4&#8243; _module_preset=&#8221;default&#8221; global_colors_info=&#8221;{}&#8221;][et_pb_image src=&#8221;https:\/\/www.kulturzentrum.greifswald.de\/wp-content\/uploads\/2022\/07\/logo_stspiritus-chor.jpg&#8221; title_text=&#8221;logo_ch\u00f3ru stspiritus&#8221; _builder_version=&#8221;4.17.4&#8243; _module_preset=&#8221;default&#8221; global_colors_info=&#8221;{}&#8221;][\/et_pb_image][et_pb_text _builder_version=&#8221;4.17.4&#8243; _module_preset=&#8221;default&#8221; global_colors_info=&#8221;{}&#8221;]\n<p style=\"text-align: center;\"><a href=\"https:\/\/www.chor-greifswald.de\/chor-von-st-spiritus\/\" target=\"_blank\" rel=\"noopener\">Ch\u00f3r St. Spiritus &#8211; mieszany ch\u00f3r \u015bwiecki<\/a><\/p>\n[\/et_pb_text][\/et_pb_column][et_pb_column type=&#8221;1_5&#8243; _builder_version=&#8221;4.17.4&#8243; _module_preset=&#8221;default&#8221; global_colors_info=&#8221;{}&#8221;][et_pb_image src=&#8221;https:\/\/www.kulturzentrum.greifswald.de\/wp-content\/uploads\/2022\/07\/logo-fchgw.jpg&#8221; title_text=&#8221;logo-fchgw&#8221; _builder_version=&#8221;4.17.4&#8243; _module_preset=&#8221;default&#8221; global_colors_info=&#8221;{}&#8221;][\/et_pb_image][et_pb_text _builder_version=&#8221;4.17.4&#8243; _module_preset=&#8221;default&#8221; global_colors_info=&#8221;{}&#8221;]\n<p style=\"text-align: center;\"><a href=\"http:\/\/www.fotoclub-greifswald.de\/\" target=\"_blank\" rel=\"noopener noreferrer\">Greifswaldzki Klub Fotograficzny<\/a><\/p>\n[\/et_pb_text][\/et_pb_column][\/et_pb_row][et_pb_row column_structure=&#8221;1_5,1_5,1_5,1_5,1_5&#8243; _builder_version=&#8221;4.17.4&#8243; _module_preset=&#8221;default&#8221; custom_margin=&#8221;21px|auto||auto||&#8221; global_colors_info=&#8221;{}&#8221;][et_pb_column type=&#8221;1_5&#8243; _builder_version=&#8221;4.17.4&#8243; _module_preset=&#8221;default&#8221; global_colors_info=&#8221;{}&#8221;][et_pb_image src=&#8221;https:\/\/www.kulturzentrum.greifswald.de\/wp-content\/uploads\/2022\/07\/logo_hansische-frowven.jpg&#8221; title_text=&#8221;logo_hansyjskie-frowven&#8221; _builder_version=&#8221;4.17.4&#8243; _module_preset=&#8221;default&#8221; global_colors_info=&#8221;{}&#8221;][\/et_pb_image][et_pb_text _builder_version=&#8221;4.17.4&#8243; _module_preset=&#8221;default&#8221; global_colors_info=&#8221;{}&#8221;]\n<p style=\"text-align: center;\">Hanzeatyckie Frouwen<\/p>\n[\/et_pb_text][\/et_pb_column][et_pb_column type=&#8221;1_5&#8243; _builder_version=&#8221;4.17.4&#8243; _module_preset=&#8221;default&#8221; global_colors_info=&#8221;{}&#8221;][et_pb_image src=&#8221;https:\/\/www.kulturzentrum.greifswald.de\/wp-content\/uploads\/2022\/07\/patchworkgruppe.jpg&#8221; title_text=&#8221;grupa patchworkowa&#8221; _builder_version=&#8221;4.17.4&#8243; _module_preset=&#8221;default&#8221; global_colors_info=&#8221;{}&#8221;][\/et_pb_image][et_pb_text _builder_version=&#8221;4.17.4&#8243; _module_preset=&#8221;default&#8221; global_colors_info=&#8221;{}&#8221;]\n<p style=\"text-align: center;\">Grupa patchworkowa &#8222;Hansequilter<\/p>\n[\/et_pb_text][\/et_pb_column][et_pb_column type=&#8221;1_5&#8243; _builder_version=&#8221;4.17.4&#8243; _module_preset=&#8221;default&#8221; global_colors_info=&#8221;{}&#8221;][et_pb_image src=&#8221;https:\/\/www.kulturzentrum.greifswald.de\/wp-content\/uploads\/2022\/07\/kurs_schach-fuer-kinder.jpg&#8221; title_text=&#8221;kurs_szach\u00f3w dla dzieci&#8221; _builder_version=&#8221;4.17.4&#8243; _module_preset=&#8221;default&#8221; global_colors_info=&#8221;{}&#8221;][\/et_pb_image][et_pb_text _builder_version=&#8221;4.17.4&#8243; _module_preset=&#8221;default&#8221; global_colors_info=&#8221;{}&#8221;]\n<p style=\"text-align: center;\"><a href=\"http:\/\/www.greifswaldersv.de\/\" target=\"_blank\" rel=\"noopener noreferrer\">Klub Szachowy Greifswald e.V.<\/a><\/p>\n[\/et_pb_text][\/et_pb_column][et_pb_column type=&#8221;1_5&#8243; _builder_version=&#8221;4.17.4&#8243; _module_preset=&#8221;default&#8221; global_colors_info=&#8221;{}&#8221;][et_pb_image src=&#8221;https:\/\/www.kulturzentrum.greifswald.de\/wp-content\/uploads\/2022\/07\/logo_spinnkreis-greifswald.jpg&#8221; title_text=&#8221;logo_spinning-circle-greifswald&#8221; _builder_version=&#8221;4.17.4&#8243; _module_preset=&#8221;default&#8221; global_colors_info=&#8221;{}&#8221;][\/et_pb_image][et_pb_text _builder_version=&#8221;4.17.4&#8243; _module_preset=&#8221;default&#8221; global_colors_info=&#8221;{}&#8221;]\n<p style=\"text-align: center;\"><a href=\"http:\/\/spinnkreis-greifswald.de\/\">Spinning Circle Greifswald<\/a><\/p>\n[\/et_pb_text][\/et_pb_column][et_pb_column type=&#8221;1_5&#8243; _builder_version=&#8221;4.17.4&#8243; _module_preset=&#8221;default&#8221; global_colors_info=&#8221;{}&#8221;][et_pb_image src=&#8221;data:image\/svg+xml;base64,PHN2ZyB3aWR0aD0iMTA4MCIgaGVpZ2h0PSI1NDAiIHZpZXdCb3g9IjAgMCAxMDgwIDU0MCIgeG1sbnM9Imh0dHA6Ly93d3cudzMub3JnLzIwMDAvc3ZnIj4KICAgIDxnIGZpbGw9Im5vbmUiIGZpbGwtcnVsZT0iZXZlbm9kZCI+CiAgICAgICAgPHBhdGggZmlsbD0iI0VCRUJFQiIgZD0iTTAgMGgxMDgwdjU0MEgweiIvPgogICAgICAgIDxwYXRoIGQ9Ik00NDUuNjQ5IDU0MGgtOTguOTk1TDE0NC42NDkgMzM3Ljk5NSAwIDQ4Mi42NDR2LTk4Ljk5NWwxMTYuMzY1LTExNi4zNjVjMTUuNjItMTUuNjIgNDAuOTQ3LTE1LjYyIDU2LjU2OCAwTDQ0NS42NSA1NDB6IiBmaWxsLW9wYWNpdHk9Ii4xIiBmaWxsPSIjMDAwIiBmaWxsLXJ1bGU9Im5vbnplcm8iLz4KICAgICAgICA8Y2lyY2xlIGZpbGwtb3BhY2l0eT0iLjA1IiBmaWxsPSIjMDAwIiBjeD0iMzMxIiBjeT0iMTQ4IiByPSI3MCIvPgogICAgICAgIDxwYXRoIGQ9Ik0xMDgwIDM3OXYxMTMuMTM3TDcyOC4xNjIgMTQwLjMgMzI4LjQ2MiA1NDBIMjE1LjMyNEw2OTkuODc4IDU1LjQ0NmMxNS42Mi0xNS42MiA0MC45NDgtMTUuNjIgNTYuNTY4IDBMMTA4MCAzNzl6IiBmaWxsLW9wYWNpdHk9Ii4yIiBmaWxsPSIjMDAwIiBmaWxsLXJ1bGU9Im5vbnplcm8iLz4KICAgIDwvZz4KPC9zdmc+Cg==&#8221; _builder_version=&#8221;4.17.4&#8243; _module_preset=&#8221;default&#8221; global_colors_info=&#8221;{}&#8221;][\/et_pb_image][et_pb_text _builder_version=&#8221;4.17.4&#8243; _module_preset=&#8221;default&#8221; global_colors_info=&#8221;{}&#8221;]\n<p style=\"text-align: center;\"><a href=\"http:\/\/www.hanterdroundco.de\/\">Kurs ta\u0144ca Taniec ko\u0142owy i \u0142a\u0144cuchowy<\/a><\/p>\n[\/et_pb_text][\/et_pb_column][\/et_pb_row][\/et_pb_section]\n","protected":false},"excerpt":{"rendered":"<p>Centrum Spo\u0142eczno-Kulturalne &#8222;St.SpiritusCentrum Spo\u0142eczno-Kulturalne Dzi\u0119ki scenie koncertowej w zabytkowej kaplicy i scenie plenerowej na wewn\u0119trznym dziedzi\u0144cu, St. Spiritus oferuje nastrojow\u0105 platform\u0119 dla wielu wydarze\u0144. Spektrum obejmuje muzyk\u0119 na \u017cywo r\u00f3\u017cnych [&hellip;]<\/p>\n","protected":false},"author":4,"featured_media":0,"parent":0,"menu_order":0,"comment_status":"closed","ping_status":"closed","template":"","meta":{"_et_pb_use_builder":"on","_et_pb_old_content":"","_et_gb_content_width":""},"acf":[],"_links":{"self":[{"href":"https:\/\/www.kulturzentrum.greifswald.de\/pl\/wp-json\/wp\/v2\/pages\/16946"}],"collection":[{"href":"https:\/\/www.kulturzentrum.greifswald.de\/pl\/wp-json\/wp\/v2\/pages"}],"about":[{"href":"https:\/\/www.kulturzentrum.greifswald.de\/pl\/wp-json\/wp\/v2\/types\/page"}],"author":[{"embeddable":true,"href":"https:\/\/www.kulturzentrum.greifswald.de\/pl\/wp-json\/wp\/v2\/users\/4"}],"replies":[{"embeddable":true,"href":"https:\/\/www.kulturzentrum.greifswald.de\/pl\/wp-json\/wp\/v2\/comments?post=16946"}],"version-history":[{"count":0,"href":"https:\/\/www.kulturzentrum.greifswald.de\/pl\/wp-json\/wp\/v2\/pages\/16946\/revisions"}],"wp:attachment":[{"href":"https:\/\/www.kulturzentrum.greifswald.de\/pl\/wp-json\/wp\/v2\/media?parent=16946"}],"curies":[{"name":"wp","href":"https:\/\/api.w.org\/{rel}","templated":true}]}}